{"id":906,"date":"2020-07-09T09:36:09","date_gmt":"2020-09-21T12:32:57","guid":{"rendered":"https:\/\/www.institutcamirandmuzzi.com\/?post_type=product&#038;p=906"},"modified":"2020-09-21T08:32:57","modified_gmt":"2020-09-21T12:32:57","slug":"stress-and-the-brain-gut-pelvis-axis","status":"publish","type":"product","link":"https:\/\/www.institutcamirandmuzzi.com\/en\/products\/stress-and-the-brain-gut-pelvis-axis\/","title":{"rendered":"Stress and the brain-gut-pelvis axis"},"content":{"rendered":"<p><strong>English<\/strong><\/p>\n<p>This webinar explains what the Brain-Gut-Pelvis axis is and why it is called this way what the literature says about interinfluence of the encephalic, abdominal and pelvic brains, as well as how they react under stress. You will thus be able to better understand their roles in the development of an endocrine, nervous, and immune deficiency. With this understanding you will be better equipped to intervene when these deficits are present and prevent them. <strong>To download the video with subtitles and presentation in English click on &#8220;video in English&#8221; on your receipt.<\/strong><\/p>\n<p><strong>Espa\u00f1ol<\/strong><\/p>\n<p>Este seminario web explica brevemente qu\u00e9 es este eje y por qu\u00e9 lo llam\u00f3 as\u00ed. Se le presenta lo que dice la literatura sobre la influencia de estos 3 cerebros, as\u00ed como tambi\u00e9n c\u00f3mo reaccionan bajo estr\u00e9s. Esto le ayudar\u00e1 a comprender mejor sus funciones en el desarrollo de deficiencias endocrinas, nerviosas e inmunitarias. Una herramienta de comprensi\u00f3n para intervenir mejor cuando estos d\u00e9ficits est\u00e1n presentes. <strong>Para descargar el video con subt\u00edtulos y presentaci\u00f3n en espa\u00f1ol, haga clic en &#8220;video en espa\u00f1ol&#8221; en su recibo.\u00a0<\/strong><\/p>\n<p><strong>Portugu\u00eas<\/strong><\/p>\n<p>Este webinar explica brevemente o que \u00e9 este eixo e por que voc\u00ea o nomeou assim. O que a literatura diz sobre a influ\u00eancia desses 3 c\u00e9rebros, bem como como eles reagem sob estresse \u00e9 apresentado a voc\u00ea. Isso o ajudar\u00e1 a entender melhor seus pap\u00e9is no desenvolvimento de defici\u00eancias end\u00f3crinas, nervosas e imunol\u00f3gicas. Uma ferramenta de compreens\u00e3o para melhor intervir quando esses d\u00e9ficits est\u00e3o presentes.\u00a0<strong>Para baixar o v\u00eddeo com legendas e apresenta\u00e7\u00e3o em portugu\u00eas, clique em &#8220;v\u00eddeo em portugu\u00eas&#8221; no seu recibo.<\/strong><\/p>\n","protected":false},"excerpt":{"rendered":"<p><span style=\"font-size: medium;\">Duration : 45 minutes<\/span><\/p>\n","protected":false},"author":1,"featured_media":867,"template":"","meta":{"_acf_changed":false},"product_brand":[],"product_cat":[81,80],"product_tag":[],"class_list":{"0":"post-906","1":"product","2":"type-product","3":"status-publish","4":"has-post-thumbnail","6":"product_cat-oc-home","7":"product_cat-online-courses","9":"first","10":"instock","11":"downloadable","12":"virtual","13":"taxable","14":"purchasable","15":"product-type-simple"},"acf":[],"yoast_head":"<!-- This site is optimized with the Yoast SEO plugin v27.3 - https:\/\/yoast.com\/product\/yoast-seo-wordpress\/ -->\n<title>Stress and the brain-gut-pelvis axis | Institut Camirand Muzzi<\/title>\n<meta name=\"robots\" content=\"index, follow, max-snippet:-1, max-image-preview:large, max-video-preview:-1\" \/>\n<link rel=\"canonical\" href=\"https:\/\/www.institutcamirandmuzzi.com\/en\/products\/stress-and-the-brain-gut-pelvis-axis\/\" \/>\n<meta property=\"og:locale\" content=\"en_US\" \/>\n<meta property=\"og:type\" content=\"article\" \/>\n<meta property=\"og:title\" content=\"Stress and the brain-gut-pelvis axis | Institut Camirand Muzzi\" \/>\n<meta property=\"og:description\" content=\"Duration : 45 minutes\" \/>\n<meta property=\"og:url\" content=\"https:\/\/www.institutcamirandmuzzi.com\/en\/products\/stress-and-the-brain-gut-pelvis-axis\/\" \/>\n<meta property=\"og:site_name\" content=\"Institut Camirand Muzzi\" \/>\n<meta property=\"article:publisher\" content=\"https:\/\/www.facebook.com\/profile.php?id=100050764137042\" \/>\n<meta property=\"og:image\" content=\"https:\/\/www.institutcamirandmuzzi.com\/wp-content\/uploads\/2020\/09\/Presentation-18.jpg\" \/>\n\t<meta property=\"og:image:width\" content=\"720\" \/>\n\t<meta property=\"og:image:height\" content=\"405\" \/>\n\t<meta property=\"og:image:type\" content=\"image\/jpeg\" \/>\n<meta name=\"twitter:card\" content=\"summary_large_image\" \/>\n<meta name=\"twitter:site\" content=\"@camirandmuzzi\" \/>\n<meta name=\"twitter:label1\" content=\"Est. reading time\" \/>\n\t<meta name=\"twitter:data1\" content=\"1 minute\" \/>\n<script type=\"application\/ld+json\" class=\"yoast-schema-graph\">{\"@context\":\"https:\\\/\\\/schema.org\",\"@graph\":[{\"@type\":\"WebPage\",\"@id\":\"https:\\\/\\\/www.institutcamirandmuzzi.com\\\/en\\\/products\\\/stress-and-the-brain-gut-pelvis-axis\\\/\",\"url\":\"https:\\\/\\\/www.institutcamirandmuzzi.com\\\/en\\\/products\\\/stress-and-the-brain-gut-pelvis-axis\\\/\",\"name\":\"Stress and the brain-gut-pelvis axis | Institut Camirand Muzzi\",\"isPartOf\":{\"@id\":\"https:\\\/\\\/www.institutcamirandmuzzi.com\\\/#website\"},\"primaryImageOfPage\":{\"@id\":\"https:\\\/\\\/www.institutcamirandmuzzi.com\\\/en\\\/products\\\/stress-and-the-brain-gut-pelvis-axis\\\/#primaryimage\"},\"image\":{\"@id\":\"https:\\\/\\\/www.institutcamirandmuzzi.com\\\/en\\\/products\\\/stress-and-the-brain-gut-pelvis-axis\\\/#primaryimage\"},\"thumbnailUrl\":\"https:\\\/\\\/www.institutcamirandmuzzi.com\\\/wp-content\\\/uploads\\\/2020\\\/09\\\/Presentation-18.jpg\",\"datePublished\":\"2020-09-21T12:32:57+00:00\",\"breadcrumb\":{\"@id\":\"https:\\\/\\\/www.institutcamirandmuzzi.com\\\/en\\\/products\\\/stress-and-the-brain-gut-pelvis-axis\\\/#breadcrumb\"},\"inLanguage\":\"en-US\",\"potentialAction\":[{\"@type\":\"ReadAction\",\"target\":[\"https:\\\/\\\/www.institutcamirandmuzzi.com\\\/en\\\/products\\\/stress-and-the-brain-gut-pelvis-axis\\\/\"]}]},{\"@type\":\"ImageObject\",\"inLanguage\":\"en-US\",\"@id\":\"https:\\\/\\\/www.institutcamirandmuzzi.com\\\/en\\\/products\\\/stress-and-the-brain-gut-pelvis-axis\\\/#primaryimage\",\"url\":\"https:\\\/\\\/www.institutcamirandmuzzi.com\\\/wp-content\\\/uploads\\\/2020\\\/09\\\/Presentation-18.jpg\",\"contentUrl\":\"https:\\\/\\\/www.institutcamirandmuzzi.com\\\/wp-content\\\/uploads\\\/2020\\\/09\\\/Presentation-18.jpg\",\"width\":720,\"height\":405},{\"@type\":\"BreadcrumbList\",\"@id\":\"https:\\\/\\\/www.institutcamirandmuzzi.com\\\/en\\\/products\\\/stress-and-the-brain-gut-pelvis-axis\\\/#breadcrumb\",\"itemListElement\":[{\"@type\":\"ListItem\",\"position\":1,\"name\":\"Accueil\",\"item\":\"https:\\\/\\\/www.institutcamirandmuzzi.com\\\/en\\\/\"},{\"@type\":\"ListItem\",\"position\":2,\"name\":\"Shop\",\"item\":\"https:\\\/\\\/www.institutcamirandmuzzi.com\\\/en\\\/shop\\\/\"},{\"@type\":\"ListItem\",\"position\":3,\"name\":\"Stress and the brain-gut-pelvis axis\"}]},{\"@type\":\"WebSite\",\"@id\":\"https:\\\/\\\/www.institutcamirandmuzzi.com\\\/#website\",\"url\":\"https:\\\/\\\/www.institutcamirandmuzzi.com\\\/\",\"name\":\"Institut Camirand Muzzi\",\"description\":\"Formations continues en ost\u00e9opathie int\u00e9grative\",\"publisher\":{\"@id\":\"https:\\\/\\\/www.institutcamirandmuzzi.com\\\/#organization\"},\"potentialAction\":[{\"@type\":\"SearchAction\",\"target\":{\"@type\":\"EntryPoint\",\"urlTemplate\":\"https:\\\/\\\/www.institutcamirandmuzzi.com\\\/?s={search_term_string}\"},\"query-input\":{\"@type\":\"PropertyValueSpecification\",\"valueRequired\":true,\"valueName\":\"search_term_string\"}}],\"inLanguage\":\"en-US\"},{\"@type\":\"Organization\",\"@id\":\"https:\\\/\\\/www.institutcamirandmuzzi.com\\\/#organization\",\"name\":\"Institut Camirand Muzzi\",\"alternateName\":\"Institut Camirand Muzzi\",\"url\":\"https:\\\/\\\/www.institutcamirandmuzzi.com\\\/\",\"logo\":{\"@type\":\"ImageObject\",\"inLanguage\":\"en-US\",\"@id\":\"https:\\\/\\\/www.institutcamirandmuzzi.com\\\/#\\\/schema\\\/logo\\\/image\\\/\",\"url\":\"https:\\\/\\\/www.institutcamirandmuzzi.com\\\/wp-content\\\/uploads\\\/2021\\\/11\\\/icm.png\",\"contentUrl\":\"https:\\\/\\\/www.institutcamirandmuzzi.com\\\/wp-content\\\/uploads\\\/2021\\\/11\\\/icm.png\",\"width\":250,\"height\":80,\"caption\":\"Institut Camirand Muzzi\"},\"image\":{\"@id\":\"https:\\\/\\\/www.institutcamirandmuzzi.com\\\/#\\\/schema\\\/logo\\\/image\\\/\"},\"sameAs\":[\"https:\\\/\\\/www.facebook.com\\\/profile.php?id=100050764137042\",\"https:\\\/\\\/x.com\\\/camirandmuzzi\"]}]}<\/script>\n<!-- \/ Yoast SEO plugin. -->","yoast_head_json":{"title":"Stress and the brain-gut-pelvis axis | Institut Camirand Muzzi","robots":{"index":"index","follow":"follow","max-snippet":"max-snippet:-1","max-image-preview":"max-image-preview:large","max-video-preview":"max-video-preview:-1"},"canonical":"https:\/\/www.institutcamirandmuzzi.com\/en\/products\/stress-and-the-brain-gut-pelvis-axis\/","og_locale":"en_US","og_type":"article","og_title":"Stress and the brain-gut-pelvis axis | Institut Camirand Muzzi","og_description":"Duration : 45 minutes","og_url":"https:\/\/www.institutcamirandmuzzi.com\/en\/products\/stress-and-the-brain-gut-pelvis-axis\/","og_site_name":"Institut Camirand Muzzi","article_publisher":"https:\/\/www.facebook.com\/profile.php?id=100050764137042","og_image":[{"width":720,"height":405,"url":"https:\/\/www.institutcamirandmuzzi.com\/wp-content\/uploads\/2020\/09\/Presentation-18.jpg","type":"image\/jpeg"}],"twitter_card":"summary_large_image","twitter_site":"@camirandmuzzi","twitter_misc":{"Est. reading time":"1 minute"},"schema":{"@context":"https:\/\/schema.org","@graph":[{"@type":"WebPage","@id":"https:\/\/www.institutcamirandmuzzi.com\/en\/products\/stress-and-the-brain-gut-pelvis-axis\/","url":"https:\/\/www.institutcamirandmuzzi.com\/en\/products\/stress-and-the-brain-gut-pelvis-axis\/","name":"Stress and the brain-gut-pelvis axis | Institut Camirand Muzzi","isPartOf":{"@id":"https:\/\/www.institutcamirandmuzzi.com\/#website"},"primaryImageOfPage":{"@id":"https:\/\/www.institutcamirandmuzzi.com\/en\/products\/stress-and-the-brain-gut-pelvis-axis\/#primaryimage"},"image":{"@id":"https:\/\/www.institutcamirandmuzzi.com\/en\/products\/stress-and-the-brain-gut-pelvis-axis\/#primaryimage"},"thumbnailUrl":"https:\/\/www.institutcamirandmuzzi.com\/wp-content\/uploads\/2020\/09\/Presentation-18.jpg","datePublished":"2020-09-21T12:32:57+00:00","breadcrumb":{"@id":"https:\/\/www.institutcamirandmuzzi.com\/en\/products\/stress-and-the-brain-gut-pelvis-axis\/#breadcrumb"},"inLanguage":"en-US","potentialAction":[{"@type":"ReadAction","target":["https:\/\/www.institutcamirandmuzzi.com\/en\/products\/stress-and-the-brain-gut-pelvis-axis\/"]}]},{"@type":"ImageObject","inLanguage":"en-US","@id":"https:\/\/www.institutcamirandmuzzi.com\/en\/products\/stress-and-the-brain-gut-pelvis-axis\/#primaryimage","url":"https:\/\/www.institutcamirandmuzzi.com\/wp-content\/uploads\/2020\/09\/Presentation-18.jpg","contentUrl":"https:\/\/www.institutcamirandmuzzi.com\/wp-content\/uploads\/2020\/09\/Presentation-18.jpg","width":720,"height":405},{"@type":"BreadcrumbList","@id":"https:\/\/www.institutcamirandmuzzi.com\/en\/products\/stress-and-the-brain-gut-pelvis-axis\/#breadcrumb","itemListElement":[{"@type":"ListItem","position":1,"name":"Accueil","item":"https:\/\/www.institutcamirandmuzzi.com\/en\/"},{"@type":"ListItem","position":2,"name":"Shop","item":"https:\/\/www.institutcamirandmuzzi.com\/en\/shop\/"},{"@type":"ListItem","position":3,"name":"Stress and the brain-gut-pelvis axis"}]},{"@type":"WebSite","@id":"https:\/\/www.institutcamirandmuzzi.com\/#website","url":"https:\/\/www.institutcamirandmuzzi.com\/","name":"Institut Camirand Muzzi","description":"Formations continues en ost\u00e9opathie int\u00e9grative","publisher":{"@id":"https:\/\/www.institutcamirandmuzzi.com\/#organization"},"potentialAction":[{"@type":"SearchAction","target":{"@type":"EntryPoint","urlTemplate":"https:\/\/www.institutcamirandmuzzi.com\/?s={search_term_string}"},"query-input":{"@type":"PropertyValueSpecification","valueRequired":true,"valueName":"search_term_string"}}],"inLanguage":"en-US"},{"@type":"Organization","@id":"https:\/\/www.institutcamirandmuzzi.com\/#organization","name":"Institut Camirand Muzzi","alternateName":"Institut Camirand Muzzi","url":"https:\/\/www.institutcamirandmuzzi.com\/","logo":{"@type":"ImageObject","inLanguage":"en-US","@id":"https:\/\/www.institutcamirandmuzzi.com\/#\/schema\/logo\/image\/","url":"https:\/\/www.institutcamirandmuzzi.com\/wp-content\/uploads\/2021\/11\/icm.png","contentUrl":"https:\/\/www.institutcamirandmuzzi.com\/wp-content\/uploads\/2021\/11\/icm.png","width":250,"height":80,"caption":"Institut Camirand Muzzi"},"image":{"@id":"https:\/\/www.institutcamirandmuzzi.com\/#\/schema\/logo\/image\/"},"sameAs":["https:\/\/www.facebook.com\/profile.php?id=100050764137042","https:\/\/x.com\/camirandmuzzi"]}]}},"_links":{"self":[{"href":"https:\/\/www.institutcamirandmuzzi.com\/en\/wp-json\/wp\/v2\/product\/906","targetHints":{"allow":["GET"]}}],"collection":[{"href":"https:\/\/www.institutcamirandmuzzi.com\/en\/wp-json\/wp\/v2\/product"}],"about":[{"href":"https:\/\/www.institutcamirandmuzzi.com\/en\/wp-json\/wp\/v2\/types\/product"}],"author":[{"embeddable":true,"href":"https:\/\/www.institutcamirandmuzzi.com\/en\/wp-json\/wp\/v2\/users\/1"}],"wp:featuredmedia":[{"embeddable":true,"href":"https:\/\/www.institutcamirandmuzzi.com\/en\/wp-json\/wp\/v2\/media\/867"}],"wp:attachment":[{"href":"https:\/\/www.institutcamirandmuzzi.com\/en\/wp-json\/wp\/v2\/media?parent=906"}],"wp:term":[{"taxonomy":"product_brand","embeddable":true,"href":"https:\/\/www.institutcamirandmuzzi.com\/en\/wp-json\/wp\/v2\/product_brand?post=906"},{"taxonomy":"product_cat","embeddable":true,"href":"https:\/\/www.institutcamirandmuzzi.com\/en\/wp-json\/wp\/v2\/product_cat?post=906"},{"taxonomy":"product_tag","embeddable":true,"href":"https:\/\/www.institutcamirandmuzzi.com\/en\/wp-json\/wp\/v2\/product_tag?post=906"}],"curies":[{"name":"wp","href":"https:\/\/api.w.org\/{rel}","templated":true}]}}