{"id":936,"date":"2020-07-09T09:49:20","date_gmt":"2020-09-28T19:57:15","guid":{"rendered":"https:\/\/www.institutcamirandmuzzi.com\/?post_type=product&#038;p=936"},"modified":"2020-10-06T11:03:34","modified_gmt":"2020-10-06T15:03:34","slug":"stages-of-stress-adaptation-integrative-osteopsthic-understanding","status":"publish","type":"product","link":"https:\/\/www.institutcamirandmuzzi.com\/en\/products\/stages-of-stress-adaptation-integrative-osteopsthic-understanding\/","title":{"rendered":"Stages of stress adaptation. Integrative osteopathic understanding"},"content":{"rendered":"<p><strong>English<\/strong><\/p>\n<p>This webinar is an essential introduction to courses on the brain-gut-pelvis\u00a0axis and\u00a0on\u00a0endocrine dysfunctions.In this course, stress\u00a0and\u00a0the different types of\u00a0stressors\u00a0will be defined.\u00a0We will cover the differences in perception between men and women as well as the different manifestations of stress depending on age. You will learn the effects that genetics and\u00a0epigenetics have on stress.\u00a0The different stages of adaptation to stress and their impacts\u00a0on the different systems\u00a0will be\u00a0explained. We will also talk about allostasis and allostatic load.\u00a0This webinar will allow\u00a0you to further your understanding of the different stages of patient care in order to better intervene and prevent several stress-related disorders. <strong>To download the video with subtitles and presentation in English click on \u201cvideo in English\u201d on your receipt.<\/strong><\/p>\n<p><strong>Espa\u00f1ol<\/strong><\/p>\n<p>Este seminario web es esencial en la introducci\u00f3n de cursos sobre el eje cerebro-intestinal-pelvis y la disfunci\u00f3n endocrina. El estr\u00e9s y los diferentes tipos de factores de estr\u00e9s se definir\u00e1n primero. Cubriremos las diferencias en la percepci\u00f3n del estr\u00e9s en hombres y mujeres y su manifestaci\u00f3n por edad. Comprender\u00e1s el papel de la gen\u00e9tica y la epigen\u00e9tica.\u00a0Se detallar\u00e1n las etapas de adaptaci\u00f3n al estr\u00e9s y su impacto en los diferentes sistemas. Hablaremos de la aostasis y la carga alost\u00e1tica. Una hermosa s\u00edntesis para refinar su comprensi\u00f3n de las diferentes etapas de la atenci\u00f3n al paciente con el fin de intervenir mejor y prevenir varios trastornos relacionados con el estr\u00e9s. <strong>Para descargar el video con subt\u00edtulos y presentaci\u00f3n en espa\u00f1ol, haga clic en \u201cvideo en espa\u00f1ol\u201d en su recibo.\u00a0<\/strong><\/p>\n<p><strong>Portugu\u00eas<\/strong><\/p>\n<div>\n<div class=\"gmail_quote\">\n<div>\n<div>\n<div>\n<div>\n<div dir=\"ltr\">\n<div>\n<div dir=\"ltr\">\n<div dir=\"ltr\">\n<div>Este webinar \u00e9 essencial na introdu\u00e7\u00e3o de cursos sobre o eixo c\u00e9rebro-intestinal-p\u00e9lvis e disfun\u00e7\u00e3o end\u00f3crina. O estresse e diferentes tipos de estressores ser\u00e3o definidos primeiro. Abordaremos diferen\u00e7as na percep\u00e7\u00e3o do estresse em homens e mulheres e sua manifesta\u00e7\u00e3o por idade. Voc\u00ea vai entender o papel da gen\u00e9tica e epigen\u00e9tica.\u00a0As etapas de adapta\u00e7\u00e3o do estresse e seu impacto nos diferentes sistemas ser\u00e3o detalhadas. Falaremos sobre homeostase e carga alot\u00e1tica. Uma bela s\u00edntese para refinar sua compreens\u00e3o dos diferentes est\u00e1gios do atendimento ao paciente, a fim de intervir melhor e prevenir v\u00e1rios transtornos relacionados ao estresse.\u00a0<strong>Para baixar o v\u00eddeo com legendas e apresenta\u00e7\u00e3o em portugu\u00eas, clique em \u201cv\u00eddeo em portugu\u00eas\u201d no seu recibo<\/strong><\/div>\n<\/div>\n<\/div>\n<\/div>\n<\/div>\n<\/div>\n<\/div>\n<\/div>\n<\/div>\n<\/div>\n<\/div>\n","protected":false},"excerpt":{"rendered":"<p>English This webinar is an essential introduction to courses on the brain-gut-pelvis\u00a0axis and\u00a0on\u00a0endocrine dysfunctions.In this course, stress\u00a0and\u00a0the different types of\u00a0stressors\u00a0will be defined.\u00a0We will cover the differences in perception between men and women as well as the different manifestations of stress depending on age. You will learn the effects that genetics and\u00a0epigenetics have on stress.\u00a0The different <a href=\"https:\/\/www.institutcamirandmuzzi.com\/en\/products\/stages-of-stress-adaptation-integrative-osteopsthic-understanding\/\" class=\"more-link\">&#8230;<span class=\"screen-reader-text\">  Stages of stress adaptation. Integrative osteopathic understanding<\/span><\/a><\/p>\n","protected":false},"author":4,"featured_media":939,"template":"","meta":{"_acf_changed":false},"product_brand":[],"product_cat":[81,80],"product_tag":[],"class_list":{"0":"post-936","1":"product","2":"type-product","3":"status-publish","4":"has-post-thumbnail","6":"product_cat-oc-home","7":"product_cat-online-courses","9":"first","10":"instock","11":"downloadable","12":"virtual","13":"taxable","14":"purchasable","15":"product-type-simple"},"acf":[],"yoast_head":"<!-- This site is optimized with the Yoast SEO plugin v27.3 - https:\/\/yoast.com\/product\/yoast-seo-wordpress\/ -->\n<title>Stages of stress adaptation. Integrative osteopathic understanding | Institut Camirand Muzzi<\/title>\n<meta name=\"robots\" content=\"index, follow, max-snippet:-1, max-image-preview:large, max-video-preview:-1\" \/>\n<link rel=\"canonical\" href=\"https:\/\/www.institutcamirandmuzzi.com\/en\/products\/stages-of-stress-adaptation-integrative-osteopsthic-understanding\/\" \/>\n<meta property=\"og:locale\" content=\"en_US\" \/>\n<meta property=\"og:type\" content=\"article\" \/>\n<meta property=\"og:title\" content=\"Stages of stress adaptation. Integrative osteopathic understanding | Institut Camirand Muzzi\" \/>\n<meta property=\"og:description\" content=\"English This webinar is an essential introduction to courses on the brain-gut-pelvis\u00a0axis and\u00a0on\u00a0endocrine dysfunctions.In this course, stress\u00a0and\u00a0the different types of\u00a0stressors\u00a0will be defined.\u00a0We will cover the differences in perception between men and women as well as the different manifestations of stress depending on age. You will learn the effects that genetics and\u00a0epigenetics have on stress.\u00a0The different ... Stages of stress adaptation. Integrative osteopathic understanding\" \/>\n<meta property=\"og:url\" content=\"https:\/\/www.institutcamirandmuzzi.com\/en\/products\/stages-of-stress-adaptation-integrative-osteopsthic-understanding\/\" \/>\n<meta property=\"og:site_name\" content=\"Institut Camirand Muzzi\" \/>\n<meta property=\"article:publisher\" content=\"https:\/\/www.facebook.com\/profile.php?id=100050764137042\" \/>\n<meta property=\"article:modified_time\" content=\"2020-10-06T15:03:34+00:00\" \/>\n<meta property=\"og:image\" content=\"https:\/\/www.institutcamirandmuzzi.com\/wp-content\/uploads\/2020\/09\/Presentation1-2.jpg\" \/>\n\t<meta property=\"og:image:width\" content=\"720\" \/>\n\t<meta property=\"og:image:height\" content=\"405\" \/>\n\t<meta property=\"og:image:type\" content=\"image\/jpeg\" \/>\n<meta name=\"twitter:card\" content=\"summary_large_image\" \/>\n<meta name=\"twitter:site\" content=\"@camirandmuzzi\" \/>\n<meta name=\"twitter:label1\" content=\"Est. reading time\" \/>\n\t<meta name=\"twitter:data1\" content=\"2 minutes\" \/>\n<script type=\"application\/ld+json\" class=\"yoast-schema-graph\">{\"@context\":\"https:\\\/\\\/schema.org\",\"@graph\":[{\"@type\":\"WebPage\",\"@id\":\"https:\\\/\\\/www.institutcamirandmuzzi.com\\\/en\\\/products\\\/stages-of-stress-adaptation-integrative-osteopsthic-understanding\\\/\",\"url\":\"https:\\\/\\\/www.institutcamirandmuzzi.com\\\/en\\\/products\\\/stages-of-stress-adaptation-integrative-osteopsthic-understanding\\\/\",\"name\":\"Stages of stress adaptation. Integrative osteopathic understanding | Institut Camirand Muzzi\",\"isPartOf\":{\"@id\":\"https:\\\/\\\/www.institutcamirandmuzzi.com\\\/#website\"},\"primaryImageOfPage\":{\"@id\":\"https:\\\/\\\/www.institutcamirandmuzzi.com\\\/en\\\/products\\\/stages-of-stress-adaptation-integrative-osteopsthic-understanding\\\/#primaryimage\"},\"image\":{\"@id\":\"https:\\\/\\\/www.institutcamirandmuzzi.com\\\/en\\\/products\\\/stages-of-stress-adaptation-integrative-osteopsthic-understanding\\\/#primaryimage\"},\"thumbnailUrl\":\"https:\\\/\\\/www.institutcamirandmuzzi.com\\\/wp-content\\\/uploads\\\/2020\\\/09\\\/Presentation1-2.jpg\",\"datePublished\":\"2020-09-28T19:57:15+00:00\",\"dateModified\":\"2020-10-06T15:03:34+00:00\",\"breadcrumb\":{\"@id\":\"https:\\\/\\\/www.institutcamirandmuzzi.com\\\/en\\\/products\\\/stages-of-stress-adaptation-integrative-osteopsthic-understanding\\\/#breadcrumb\"},\"inLanguage\":\"en-US\",\"potentialAction\":[{\"@type\":\"ReadAction\",\"target\":[\"https:\\\/\\\/www.institutcamirandmuzzi.com\\\/en\\\/products\\\/stages-of-stress-adaptation-integrative-osteopsthic-understanding\\\/\"]}]},{\"@type\":\"ImageObject\",\"inLanguage\":\"en-US\",\"@id\":\"https:\\\/\\\/www.institutcamirandmuzzi.com\\\/en\\\/products\\\/stages-of-stress-adaptation-integrative-osteopsthic-understanding\\\/#primaryimage\",\"url\":\"https:\\\/\\\/www.institutcamirandmuzzi.com\\\/wp-content\\\/uploads\\\/2020\\\/09\\\/Presentation1-2.jpg\",\"contentUrl\":\"https:\\\/\\\/www.institutcamirandmuzzi.com\\\/wp-content\\\/uploads\\\/2020\\\/09\\\/Presentation1-2.jpg\",\"width\":720,\"height\":405},{\"@type\":\"BreadcrumbList\",\"@id\":\"https:\\\/\\\/www.institutcamirandmuzzi.com\\\/en\\\/products\\\/stages-of-stress-adaptation-integrative-osteopsthic-understanding\\\/#breadcrumb\",\"itemListElement\":[{\"@type\":\"ListItem\",\"position\":1,\"name\":\"Accueil\",\"item\":\"https:\\\/\\\/www.institutcamirandmuzzi.com\\\/en\\\/\"},{\"@type\":\"ListItem\",\"position\":2,\"name\":\"Shop\",\"item\":\"https:\\\/\\\/www.institutcamirandmuzzi.com\\\/en\\\/shop\\\/\"},{\"@type\":\"ListItem\",\"position\":3,\"name\":\"Stages of stress adaptation. Integrative osteopathic understanding\"}]},{\"@type\":\"WebSite\",\"@id\":\"https:\\\/\\\/www.institutcamirandmuzzi.com\\\/#website\",\"url\":\"https:\\\/\\\/www.institutcamirandmuzzi.com\\\/\",\"name\":\"Institut Camirand Muzzi\",\"description\":\"Formations continues en ost\u00e9opathie int\u00e9grative\",\"publisher\":{\"@id\":\"https:\\\/\\\/www.institutcamirandmuzzi.com\\\/#organization\"},\"potentialAction\":[{\"@type\":\"SearchAction\",\"target\":{\"@type\":\"EntryPoint\",\"urlTemplate\":\"https:\\\/\\\/www.institutcamirandmuzzi.com\\\/?s={search_term_string}\"},\"query-input\":{\"@type\":\"PropertyValueSpecification\",\"valueRequired\":true,\"valueName\":\"search_term_string\"}}],\"inLanguage\":\"en-US\"},{\"@type\":\"Organization\",\"@id\":\"https:\\\/\\\/www.institutcamirandmuzzi.com\\\/#organization\",\"name\":\"Institut Camirand Muzzi\",\"alternateName\":\"Institut Camirand Muzzi\",\"url\":\"https:\\\/\\\/www.institutcamirandmuzzi.com\\\/\",\"logo\":{\"@type\":\"ImageObject\",\"inLanguage\":\"en-US\",\"@id\":\"https:\\\/\\\/www.institutcamirandmuzzi.com\\\/#\\\/schema\\\/logo\\\/image\\\/\",\"url\":\"https:\\\/\\\/www.institutcamirandmuzzi.com\\\/wp-content\\\/uploads\\\/2021\\\/11\\\/icm.png\",\"contentUrl\":\"https:\\\/\\\/www.institutcamirandmuzzi.com\\\/wp-content\\\/uploads\\\/2021\\\/11\\\/icm.png\",\"width\":250,\"height\":80,\"caption\":\"Institut Camirand Muzzi\"},\"image\":{\"@id\":\"https:\\\/\\\/www.institutcamirandmuzzi.com\\\/#\\\/schema\\\/logo\\\/image\\\/\"},\"sameAs\":[\"https:\\\/\\\/www.facebook.com\\\/profile.php?id=100050764137042\",\"https:\\\/\\\/x.com\\\/camirandmuzzi\"]}]}<\/script>\n<!-- \/ Yoast SEO plugin. -->","yoast_head_json":{"title":"Stages of stress adaptation. Integrative osteopathic understanding | Institut Camirand Muzzi","robots":{"index":"index","follow":"follow","max-snippet":"max-snippet:-1","max-image-preview":"max-image-preview:large","max-video-preview":"max-video-preview:-1"},"canonical":"https:\/\/www.institutcamirandmuzzi.com\/en\/products\/stages-of-stress-adaptation-integrative-osteopsthic-understanding\/","og_locale":"en_US","og_type":"article","og_title":"Stages of stress adaptation. Integrative osteopathic understanding | Institut Camirand Muzzi","og_description":"English This webinar is an essential introduction to courses on the brain-gut-pelvis\u00a0axis and\u00a0on\u00a0endocrine dysfunctions.In this course, stress\u00a0and\u00a0the different types of\u00a0stressors\u00a0will be defined.\u00a0We will cover the differences in perception between men and women as well as the different manifestations of stress depending on age. You will learn the effects that genetics and\u00a0epigenetics have on stress.\u00a0The different ... Stages of stress adaptation. Integrative osteopathic understanding","og_url":"https:\/\/www.institutcamirandmuzzi.com\/en\/products\/stages-of-stress-adaptation-integrative-osteopsthic-understanding\/","og_site_name":"Institut Camirand Muzzi","article_publisher":"https:\/\/www.facebook.com\/profile.php?id=100050764137042","article_modified_time":"2020-10-06T15:03:34+00:00","og_image":[{"width":720,"height":405,"url":"https:\/\/www.institutcamirandmuzzi.com\/wp-content\/uploads\/2020\/09\/Presentation1-2.jpg","type":"image\/jpeg"}],"twitter_card":"summary_large_image","twitter_site":"@camirandmuzzi","twitter_misc":{"Est. reading time":"2 minutes"},"schema":{"@context":"https:\/\/schema.org","@graph":[{"@type":"WebPage","@id":"https:\/\/www.institutcamirandmuzzi.com\/en\/products\/stages-of-stress-adaptation-integrative-osteopsthic-understanding\/","url":"https:\/\/www.institutcamirandmuzzi.com\/en\/products\/stages-of-stress-adaptation-integrative-osteopsthic-understanding\/","name":"Stages of stress adaptation. Integrative osteopathic understanding | Institut Camirand Muzzi","isPartOf":{"@id":"https:\/\/www.institutcamirandmuzzi.com\/#website"},"primaryImageOfPage":{"@id":"https:\/\/www.institutcamirandmuzzi.com\/en\/products\/stages-of-stress-adaptation-integrative-osteopsthic-understanding\/#primaryimage"},"image":{"@id":"https:\/\/www.institutcamirandmuzzi.com\/en\/products\/stages-of-stress-adaptation-integrative-osteopsthic-understanding\/#primaryimage"},"thumbnailUrl":"https:\/\/www.institutcamirandmuzzi.com\/wp-content\/uploads\/2020\/09\/Presentation1-2.jpg","datePublished":"2020-09-28T19:57:15+00:00","dateModified":"2020-10-06T15:03:34+00:00","breadcrumb":{"@id":"https:\/\/www.institutcamirandmuzzi.com\/en\/products\/stages-of-stress-adaptation-integrative-osteopsthic-understanding\/#breadcrumb"},"inLanguage":"en-US","potentialAction":[{"@type":"ReadAction","target":["https:\/\/www.institutcamirandmuzzi.com\/en\/products\/stages-of-stress-adaptation-integrative-osteopsthic-understanding\/"]}]},{"@type":"ImageObject","inLanguage":"en-US","@id":"https:\/\/www.institutcamirandmuzzi.com\/en\/products\/stages-of-stress-adaptation-integrative-osteopsthic-understanding\/#primaryimage","url":"https:\/\/www.institutcamirandmuzzi.com\/wp-content\/uploads\/2020\/09\/Presentation1-2.jpg","contentUrl":"https:\/\/www.institutcamirandmuzzi.com\/wp-content\/uploads\/2020\/09\/Presentation1-2.jpg","width":720,"height":405},{"@type":"BreadcrumbList","@id":"https:\/\/www.institutcamirandmuzzi.com\/en\/products\/stages-of-stress-adaptation-integrative-osteopsthic-understanding\/#breadcrumb","itemListElement":[{"@type":"ListItem","position":1,"name":"Accueil","item":"https:\/\/www.institutcamirandmuzzi.com\/en\/"},{"@type":"ListItem","position":2,"name":"Shop","item":"https:\/\/www.institutcamirandmuzzi.com\/en\/shop\/"},{"@type":"ListItem","position":3,"name":"Stages of stress adaptation. Integrative osteopathic understanding"}]},{"@type":"WebSite","@id":"https:\/\/www.institutcamirandmuzzi.com\/#website","url":"https:\/\/www.institutcamirandmuzzi.com\/","name":"Institut Camirand Muzzi","description":"Formations continues en ost\u00e9opathie int\u00e9grative","publisher":{"@id":"https:\/\/www.institutcamirandmuzzi.com\/#organization"},"potentialAction":[{"@type":"SearchAction","target":{"@type":"EntryPoint","urlTemplate":"https:\/\/www.institutcamirandmuzzi.com\/?s={search_term_string}"},"query-input":{"@type":"PropertyValueSpecification","valueRequired":true,"valueName":"search_term_string"}}],"inLanguage":"en-US"},{"@type":"Organization","@id":"https:\/\/www.institutcamirandmuzzi.com\/#organization","name":"Institut Camirand Muzzi","alternateName":"Institut Camirand Muzzi","url":"https:\/\/www.institutcamirandmuzzi.com\/","logo":{"@type":"ImageObject","inLanguage":"en-US","@id":"https:\/\/www.institutcamirandmuzzi.com\/#\/schema\/logo\/image\/","url":"https:\/\/www.institutcamirandmuzzi.com\/wp-content\/uploads\/2021\/11\/icm.png","contentUrl":"https:\/\/www.institutcamirandmuzzi.com\/wp-content\/uploads\/2021\/11\/icm.png","width":250,"height":80,"caption":"Institut Camirand Muzzi"},"image":{"@id":"https:\/\/www.institutcamirandmuzzi.com\/#\/schema\/logo\/image\/"},"sameAs":["https:\/\/www.facebook.com\/profile.php?id=100050764137042","https:\/\/x.com\/camirandmuzzi"]}]}},"_links":{"self":[{"href":"https:\/\/www.institutcamirandmuzzi.com\/en\/wp-json\/wp\/v2\/product\/936","targetHints":{"allow":["GET"]}}],"collection":[{"href":"https:\/\/www.institutcamirandmuzzi.com\/en\/wp-json\/wp\/v2\/product"}],"about":[{"href":"https:\/\/www.institutcamirandmuzzi.com\/en\/wp-json\/wp\/v2\/types\/product"}],"author":[{"embeddable":true,"href":"https:\/\/www.institutcamirandmuzzi.com\/en\/wp-json\/wp\/v2\/users\/4"}],"wp:featuredmedia":[{"embeddable":true,"href":"https:\/\/www.institutcamirandmuzzi.com\/en\/wp-json\/wp\/v2\/media\/939"}],"wp:attachment":[{"href":"https:\/\/www.institutcamirandmuzzi.com\/en\/wp-json\/wp\/v2\/media?parent=936"}],"wp:term":[{"taxonomy":"product_brand","embeddable":true,"href":"https:\/\/www.institutcamirandmuzzi.com\/en\/wp-json\/wp\/v2\/product_brand?post=936"},{"taxonomy":"product_cat","embeddable":true,"href":"https:\/\/www.institutcamirandmuzzi.com\/en\/wp-json\/wp\/v2\/product_cat?post=936"},{"taxonomy":"product_tag","embeddable":true,"href":"https:\/\/www.institutcamirandmuzzi.com\/en\/wp-json\/wp\/v2\/product_tag?post=936"}],"curies":[{"name":"wp","href":"https:\/\/api.w.org\/{rel}","templated":true}]}}